{"id":170,"date":"2017-05-25T16:32:26","date_gmt":"2017-05-25T13:32:26","guid":{"rendered":"http:\/\/cordoba212.com\/?page_id=170\/"},"modified":"2023-05-16T16:11:33","modified_gmt":"2023-05-16T13:11:33","slug":"iletisim","status":"publish","type":"page","link":"https:\/\/cordoba212.com\/tr\/iletisim\/","title":{"rendered":"\u0130LET\u0130\u015e\u0130M"},"content":{"rendered":"<p>[vc_row][vc_column width=&#8221;1\/3&#8243;][vc_raw_html]JTNDaDMlMjBjbGFzcyUzRCUyMnRpdGxlJTIwdGV4dC1ncmF5JTIyJTNFJTBBJTIwJTIwJTIwJTIwJTIwJTIwJTIwJTIwJTIwJTIwJUM0JUIwTEVUJUM0JUIwJUM1JTlFJUM0JUIwTSUyMCUyMCUyMCUyMCUyMCUyMCUyMCUyMCUyMCUyMCUyMCUyMCUyMCUyMCUyMCUyMCUwQSUyMCUyMCUyMCUyMCUyMCUyMCUyMCUyMCUyMCUyMCUzQyUyRmgzJTNF[\/vc_raw_html][vc_column_text][\/vc_column_text][vc_raw_html]JTNDZGl2JTIwY2xhc3MlM0QlMjJjb250YWN0LWl0ZW0lMjIlM0UlMEElMDklMDklM0NoNiUyMGNsYXNzJTNEJTIyY29sLW1kLTQlMjIlM0VBRFJFUyUzQyUyRmg2JTNFJTBBJTA5JTA5JTNDcCUyMGNsYXNzJTNEJTIyY29sLW1kLTglMjIlM0UlMjAlQzMlOTZtZXIlMjBBdm5pJTIwTWFoLiUyMCVDNCVCMG4lQzMlQjZuJUMzJUJDJTIwQ2FkLiUyMDQ4JTJGOSUyMCUzQ2JyJTJGJTNFJTIwQmV5byVDNCU5Rmx1JTJDJTIwJUM0JUIwc3RhbmJ1bCUyMFR1cmtleSUzQyUyRnAlM0UlMEElMDklM0MlMkZkaXYlM0UlMEElMDklM0NiciUzRSUwQSUwOSUzQ2RpdiUyMGNsYXNzJTNEJTIyY29udGFjdC1pdGVtJTIyJTNFJTBBJTA5JTA5JTNDaDYlMjBjbGFzcyUzRCUyMmNvbC1tZC00JTIyJTNFRS1NQSVDNCVCMEwlM0MlMkZoNiUzRSUwQSUwOSUwOSUzQ3AlMjBjbGFzcyUzRCUyMmNvbC1tZC04JTIyJTNFaW5mbyU0MGNvcmRvYmEyMTIuY29tJTNDJTJGcCUzRSUwQSUwOSUzQyUyRmRpdiUzRSUwQSUwOSUzQ2JyJTNFJTBBJTA5JTNDZGl2JTIwY2xhc3MlM0QlMjJjb250YWN0LWl0ZW0lMjIlM0UlMEElMDklMDklM0NoNiUyMGNsYXNzJTNEJTIyY29sLW1kLTQlMjIlM0VURUxFRk9OJTNDJTJGaDYlM0UlMEElMDklMDklM0NwJTIwY2xhc3MlM0QlMjJjb2wtbWQtOCUyMiUzRSUyQjkwJTIwMjEyJTIwMjQ5JTIwNDklMjA2NiUzQyUyRnAlM0UlMEElMDklM0MlMkZkaXYlM0UlMEElMDklM0NiciUzRSUwQSUwOSUzQ2RpdiUyMGNsYXNzJTNEJTIyY29udGFjdC1pdGVtJTIyJTNFJTBBJTA5JTA5JTNDaDYlMjBjbGFzcyUzRCUyMmNvbC1tZC00JTIyJTNFRkFYJTNDJTJGaDYlM0UlMEElMDklMDklM0NwJTIwY2xhc3MlM0QlMjJjb2wtbWQtOCUyMiUzRSUyQjkwJTIwMjEyJTIwMjQ5JTIwNDklMjA1MiUzQyUyRnAlM0UlMEElMDklM0MlMkZkaXYlM0UlMEElMEE=[\/vc_raw_html][vc_column_text][\/vc_column_text][vc_raw_html]JTNDaDQlMjBjbGFzcyUzRCUyMnRleHQtZ3JheSUyMiUzRSUwQUJpemUlMjBLYXQlQzQlQjFsJUM0JUIxbiUwQSUzQyUyRmg0JTNFJTBBJTNDcCUzRSUwQUNvcmRvYmElMjBNJUMzJUJDaGVuZGlzbGlrJTIwdmUlMjBNaW1hcmwlQzQlQjFrJUUyJTgwJTk5dGElMjAlQzMlQTdhbCVDNCVCMSVDNSU5Rm1hayUyMGlzdGVyc2VuaXolMjAlQzMlQjZ6Z2UlQzMlQTdtaSVDNSU5RmluaXpsZSUyMGJpcmxpa3RlJTIwZGFoYSUyMCVDMyVCNm5jZSUyMHlhcHQlQzQlQjElQzQlOUYlQzQlQjFuJUM0JUIxeiUyMGklQzUlOUZsZXJkZW4lMjBiYXolQzQlQjElMjAlQzMlQjZybmVrbGVyaSUyMGluZm8lNDBjb3Jkb2JhMjEyLmNvbSUyMGFkcmVzaW5lJTIwZS1tYWlsJTIweW9sdXlsYSUyMGclQzMlQjZuZGVyZWJpbGlyc2luaXouJTBBJTNDJTJGcCUzRQ==[\/vc_raw_html][\/vc_column][vc_column width=&#8221;2\/3&#8243;][vc_gmaps link=&#8221;#E-8_JTIwJTNDaWZyYW1lJTIwc3JjJTNEJTIyaHR0cHMlM0ElMkYlMkZ3d3cuZ29vZ2xlLmNvbSUyRm1hcHMlMkZlbWJlZCUzRnBiJTNEJTIxMW0xOCUyMTFtMTIlMjExbTMlMjExZDMwMDkuNDU0MDkzODIxNTU5JTIxMmQyOC45OTAzMTk2NzY1MzU3NzYlMjEzZDQxLjAzNzE5NzgxNzY0MjkzNCUyMTJtMyUyMTFmMCUyMTJmMCUyMTNmMCUyMTNtMiUyMTFpMTAyNCUyMTJpNzY4JTIxNGYxMy4xJTIxM20zJTIxMW0yJTIxMXMweDE0Y2FiNzcwYTU1NDBjYTMlMjUzQTB4YmQ4MWRlMWUyZDQ0MDdkMyUyMTJzQ29yZG9iYSUyNTIwTSUyNUMzJTI1QkNoZW5kaXNsaWslMjUyME1pbWFybCUyNUM0JTI1QjFrJTI1MjBIaXptZXRsZXJpJTI1MjBBLiUyNUM1JTI1OUUuJTIxNWUwJTIxM20yJTIxMXNlbiUyMTJzdHIlMjE0djE2ODQyNDExNTU5MzMlMjE1bTIlMjExc2VuJTIxMnN0ciUyNnF1b3QlM0IlMjB3aWR0aCUzRCUyMjYwMCUyMiUyMGhlaWdodCUzRCUyMjQ1MCUyMiUyMHN0eWxlJTNEJTIyYm9yZGVyJTNBMCUzQiUyMiUyMGFsbG93ZnVsbHNjcmVlbiUzRCUyMiUyMiUyMGxvYWRpbmclM0QlMjJsYXp5JTIyJTIwcmVmZXJyZXJwb2xpY3klM0QlMjJuby1yZWZlcnJlci13aGVuLWRvd25ncmFkZSUyMiUzRSUzQyUyRmlmcmFtZSUzRQ==&#8221;][\/vc_column][\/vc_row]<\/p>\n","protected":false},"excerpt":{"rendered":"<p>[vc_row][vc_column width=&#8221;1\/3&#8243;][vc_raw_html]JTNDaDMlMjBjbGFzcyUzRCUyMnRpdGxlJTIwdGV4dC1ncmF5JTIyJTNFJTBBJTIwJTIwJTIwJTIwJTIwJTIwJTIwJTIwJTIwJTIwJUM0JUIwTEVUJUM0JUIwJUM1JTlFJUM0JUIwTSUyMCUyMCUyMCUyMCUyMCUyMCUyMCUyMCUyMCUyMCUyMCUyMCUyMCUyMCUyMCUyMCUwQSUyMCUyMCUyMCUyMCUyMCUyMCUyMCUyMCUyMCUyMCUzQyUyRmgzJTNF[\/vc_raw_html][vc_column_text][\/vc_column_text][vc_raw_html]JTNDZGl2JTIwY2xhc3MlM0QlMjJjb250YWN0LWl0ZW0lMjIlM0UlMEElMDklMDklM0NoNiUyMGNsYXNzJTNEJTIyY29sLW1kLTQlMjIlM0VBRFJFUyUzQyUyRmg2JTNFJTBBJTA5JTA5JTNDcCUyMGNsYXNzJTNEJTIyY29sLW1kLTglMjIlM0UlMjAlQzMlOTZtZXIlMjBBdm5pJTIwTWFoLiUyMCVDNCVCMG4lQzMlQjZuJUMzJUJDJTIwQ2FkLiUyMDQ4JTJGOSUyMCUzQ2JyJTJGJTNFJTIwQmV5byVDNCU5Rmx1JTJDJTIwJUM0JUIwc3RhbmJ1bCUyMFR1cmtleSUzQyUyRnAlM0UlMEElMDklM0MlMkZkaXYlM0UlMEElMDklM0NiciUzRSUwQSUwOSUzQ2RpdiUyMGNsYXNzJTNEJTIyY29udGFjdC1pdGVtJTIyJTNFJTBBJTA5JTA5JTNDaDYlMjBjbGFzcyUzRCUyMmNvbC1tZC00JTIyJTNFRS1NQSVDNCVCMEwlM0MlMkZoNiUzRSUwQSUwOSUwOSUzQ3AlMjBjbGFzcyUzRCUyMmNvbC1tZC04JTIyJTNFaW5mbyU0MGNvcmRvYmEyMTIuY29tJTNDJTJGcCUzRSUwQSUwOSUzQyUyRmRpdiUzRSUwQSUwOSUzQ2JyJTNFJTBBJTA5JTNDZGl2JTIwY2xhc3MlM0QlMjJjb250YWN0LWl0ZW0lMjIlM0UlMEElMDklMDklM0NoNiUyMGNsYXNzJTNEJTIyY29sLW1kLTQlMjIlM0VURUxFRk9OJTNDJTJGaDYlM0UlMEElMDklMDklM0NwJTIwY2xhc3MlM0QlMjJjb2wtbWQtOCUyMiUzRSUyQjkwJTIwMjEyJTIwMjQ5JTIwNDklMjA2NiUzQyUyRnAlM0UlMEElMDklM0MlMkZkaXYlM0UlMEElMDklM0NiciUzRSUwQSUwOSUzQ2RpdiUyMGNsYXNzJTNEJTIyY29udGFjdC1pdGVtJTIyJTNFJTBBJTA5JTA5JTNDaDYlMjBjbGFzcyUzRCUyMmNvbC1tZC00JTIyJTNFRkFYJTNDJTJGaDYlM0UlMEElMDklMDklM0NwJTIwY2xhc3MlM0QlMjJjb2wtbWQtOCUyMiUzRSUyQjkwJTIwMjEyJTIwMjQ5JTIwNDklMjA1MiUzQyUyRnAlM0UlMEElMDklM0MlMkZkaXYlM0UlMEElMEE=[\/vc_raw_html][vc_column_text][\/vc_column_text][vc_raw_html]JTNDaDQlMjBjbGFzcyUzRCUyMnRleHQtZ3JheSUyMiUzRSUwQUJpemUlMjBLYXQlQzQlQjFsJUM0JUIxbiUwQSUzQyUyRmg0JTNFJTBBJTNDcCUzRSUwQUNvcmRvYmElMjBNJUMzJUJDaGVuZGlzbGlrJTIwdmUlMjBNaW1hcmwlQzQlQjFrJUUyJTgwJTk5dGElMjAlQzMlQTdhbCVDNCVCMSVDNSU5Rm1hayUyMGlzdGVyc2VuaXolMjAlQzMlQjZ6Z2UlQzMlQTdtaSVDNSU5RmluaXpsZSUyMGJpcmxpa3RlJTIwZGFoYSUyMCVDMyVCNm5jZSUyMHlhcHQlQzQlQjElQzQlOUYlQzQlQjFuJUM0JUIxeiUyMGklQzUlOUZsZXJkZW4lMjBiYXolQzQlQjElMjAlQzMlQjZybmVrbGVyaSUyMGluZm8lNDBjb3Jkb2JhMjEyLmNvbSUyMGFkcmVzaW5lJTIwZS1tYWlsJTIweW9sdXlsYSUyMGclQzMlQjZuZGVyZWJpbGlyc2luaXouJTBBJTNDJTJGcCUzRQ==[\/vc_raw_html][\/vc_column][vc_column width=&#8221;2\/3&#8243;][vc_gmaps link=&#8221;#E-8_JTIwJTNDaWZyYW1lJTIwc3JjJTNEJTIyaHR0cHMlM0ElMkYlMkZ3d3cuZ29vZ2xlLmNvbSUyRm1hcHMlMkZlbWJlZCUzRnBiJTNEJTIxMW0xOCUyMTFtMTIlMjExbTMlMjExZDMwMDkuNDU0MDkzODIxNTU5JTIxMmQyOC45OTAzMTk2NzY1MzU3NzYlMjEzZDQxLjAzNzE5NzgxNzY0MjkzNCUyMTJtMyUyMTFmMCUyMTJmMCUyMTNmMCUyMTNtMiUyMTFpMTAyNCUyMTJpNzY4JTIxNGYxMy4xJTIxM20zJTIxMW0yJTIxMXMweDE0Y2FiNzcwYTU1NDBjYTMlMjUzQTB4YmQ4MWRlMWUyZDQ0MDdkMyUyMTJzQ29yZG9iYSUyNTIwTSUyNUMzJTI1QkNoZW5kaXNsaWslMjUyME1pbWFybCUyNUM0JTI1QjFrJTI1MjBIaXptZXRsZXJpJTI1MjBBLiUyNUM1JTI1OUUuJTIxNWUwJTIxM20yJTIxMXNlbiUyMTJzdHIlMjE0djE2ODQyNDExNTU5MzMlMjE1bTIlMjExc2VuJTIxMnN0ciUyNnF1b3QlM0IlMjB3aWR0aCUzRCUyMjYwMCUyMiUyMGhlaWdodCUzRCUyMjQ1MCUyMiUyMHN0eWxlJTNEJTIyYm9yZGVyJTNBMCUzQiUyMiUyMGFsbG93ZnVsbHNjcmVlbiUzRCUyMiUyMiUyMGxvYWRpbmclM0QlMjJsYXp5JTIyJTIwcmVmZXJyZXJwb2xpY3klM0QlMjJuby1yZWZlcnJlci13aGVuLWRvd25ncmFkZSUyMiUzRSUzQyUyRmlmcmFtZSUzRQ==&#8221;][\/vc_column][\/vc_row]<\/p>\n","protected":false},"author":1,"featured_media":0,"parent":0,"menu_order":0,"comment_status":"closed","ping_status":"closed","template":"page-full-width.php","meta":{"_acf_changed":false,"footnotes":""},"acf":[],"_links":{"self":[{"href":"https:\/\/cordoba212.com\/tr\/wp-json\/wp\/v2\/pages\/170"}],"collection":[{"href":"https:\/\/cordoba212.com\/tr\/wp-json\/wp\/v2\/pages"}],"about":[{"href":"https:\/\/cordoba212.com\/tr\/wp-json\/wp\/v2\/types\/page"}],"author":[{"embeddable":true,"href":"https:\/\/cordoba212.com\/tr\/wp-json\/wp\/v2\/users\/1"}],"replies":[{"embeddable":true,"href":"https:\/\/cordoba212.com\/tr\/wp-json\/wp\/v2\/comments?post=170"}],"version-history":[{"count":9,"href":"https:\/\/cordoba212.com\/tr\/wp-json\/wp\/v2\/pages\/170\/revisions"}],"predecessor-version":[{"id":881,"href":"https:\/\/cordoba212.com\/tr\/wp-json\/wp\/v2\/pages\/170\/revisions\/881"}],"wp:attachment":[{"href":"https:\/\/cordoba212.com\/tr\/wp-json\/wp\/v2\/media?parent=170"}],"curies":[{"name":"wp","href":"https:\/\/api.w.org\/{rel}","templated":true}]}}