{"id":174,"date":"2017-05-25T16:39:21","date_gmt":"2017-05-25T13:39:21","guid":{"rendered":"http:\/\/cordoba212.com\/?page_id=174\/"},"modified":"2018-10-09T17:11:58","modified_gmt":"2018-10-09T14:11:58","slug":"profil","status":"publish","type":"page","link":"https:\/\/cordoba212.com\/tr\/profil\/","title":{"rendered":"Profil"},"content":{"rendered":"<p>[vc_row][vc_column][rev_slider_vc alias=&#8221;about-us&#8221;][\/vc_column][\/vc_row][vc_row][vc_column][vc_column_text]<\/p>\n<p align=\"justify\"><span style=\"font-size: large;\"><strong><span style=\"color: #808080;\">HAKKIMIZDA <\/span><\/strong><\/span><\/p>\n<p align=\"justify\"><span style=\"color: #808080;\"><span style=\"font-size: large;\">Cordoba M\u00fchendislik ve Mimarl\u0131k, 2015 y\u0131l\u0131nda \u0130stanbul\u2019da kurulmu\u015ftur. Ulusal ve uluslararas\u0131 alanda deneyimli liderler ve dinamik ekibi ile ofis, tasar\u0131ma ihtiya\u00e7 duyulan alanlarda, olduk\u00e7a geni\u015f bir \u00f6l\u00e7ek yelpazesinde hizmet vermektedir. Mimarl\u0131k ve BIM hizmetlerinin yan\u0131s\u0131ra i\u00e7 mimarl\u0131k ve restorasyon \u00e7al\u0131\u015fmalar\u0131 da sundu\u011fu imkanlar aras\u0131ndad\u0131r. <\/span><\/span><\/p>\n<p align=\"justify\"><span style=\"color: #808080;\"><span style=\"font-size: large;\">Deneyimli Revit ekibi ile Cordoba, projenin her a\u015famas\u0131ndaki bilginin tek bir ortamda birle\u015ftirilmesi imkan\u0131 ile yap\u0131m s\u00fcrecinden \u00e7ok daha \u00f6nce gelece\u011fe dair her t\u00fcrl\u00fc verinin modellenip takip edilebildi\u011fi BIM sisteminden aktif olarak faydalanmaktad\u0131r.<\/span><\/span><\/p>\n<p>[\/vc_column_text][\/vc_column][\/vc_row][vc_row][vc_column][vc_column_text]<\/p>\n<p align=\"justify\"><span style=\"font-size: large;\"><strong><span style=\"color: #808080;\">V\u0130ZYONUMUZ<\/span><\/strong><\/span><\/p>\n<p align=\"justify\"><span style=\"color: #808080;\"><span style=\"font-size: large;\">Cordoba M\u00fchendislik ve Mimarl\u0131k ekibi; kullan\u0131c\u0131lar\u0131n ihtiya\u00e7lar\u0131na g\u00f6re yarat\u0131c\u0131 ve yenilik\u00e7i anlay\u0131\u015f\u0131 ile en uygun \u00e7\u00f6z\u00fcmleri bulmak i\u00e7in \u00e7al\u0131\u015f\u0131r. Pek \u00e7ok farkl\u0131 i\u015flevdeki yap\u0131y\u0131 \u00fcretken bir \u00e7er\u00e7evede hayata ge\u00e7irirken; geli\u015fmeleri takip eden, do\u011faya sayg\u0131l\u0131, titiz bir ekolojik anlay\u0131\u015f\u0131 mesleki felsefe olarak benimser. Y\u00fcksek ya\u015fam kalitesinin sa\u011flanmas\u0131 amac\u0131yla; estetik ve i\u015flevseli bir araya getiren, b\u00f6lgenin yerel \u00f6zelliklerini tasar\u0131m kriteri olarak belirleyen ekibin hedefi; kullan\u0131c\u0131 odakl\u0131 tasar\u0131m ve sosyo-mekansal analizler ile problemlere en basit \u00e7\u00f6z\u00fcmleri getirmektir.<\/span><\/span><\/p>\n<p>[\/vc_column_text][\/vc_column][\/vc_row]<\/p>\n","protected":false},"excerpt":{"rendered":"<p>[vc_row][vc_column][rev_slider_vc alias=&#8221;about-us&#8221;][\/vc_column][\/vc_row][vc_row][vc_column][vc_column_text] HAKKIMIZDA Cordoba M\u00fchendislik ve Mimarl\u0131k, 2015 y\u0131l\u0131nda \u0130stanbul\u2019da kurulmu\u015ftur. Ulusal ve uluslararas\u0131 alanda deneyimli liderler ve dinamik ekibi&#8230;<\/p>\n","protected":false},"author":1,"featured_media":0,"parent":0,"menu_order":0,"comment_status":"closed","ping_status":"closed","template":"page-full-width.php","meta":{"_acf_changed":false,"footnotes":""},"acf":[],"_links":{"self":[{"href":"https:\/\/cordoba212.com\/tr\/wp-json\/wp\/v2\/pages\/174"}],"collection":[{"href":"https:\/\/cordoba212.com\/tr\/wp-json\/wp\/v2\/pages"}],"about":[{"href":"https:\/\/cordoba212.com\/tr\/wp-json\/wp\/v2\/types\/page"}],"author":[{"embeddable":true,"href":"https:\/\/cordoba212.com\/tr\/wp-json\/wp\/v2\/users\/1"}],"replies":[{"embeddable":true,"href":"https:\/\/cordoba212.com\/tr\/wp-json\/wp\/v2\/comments?post=174"}],"version-history":[{"count":3,"href":"https:\/\/cordoba212.com\/tr\/wp-json\/wp\/v2\/pages\/174\/revisions"}],"predecessor-version":[{"id":531,"href":"https:\/\/cordoba212.com\/tr\/wp-json\/wp\/v2\/pages\/174\/revisions\/531"}],"wp:attachment":[{"href":"https:\/\/cordoba212.com\/tr\/wp-json\/wp\/v2\/media?parent=174"}],"curies":[{"name":"wp","href":"https:\/\/api.w.org\/{rel}","templated":true}]}}